{"id":10739,"date":"2017-04-20T14:56:27","date_gmt":"2017-04-20T14:56:27","guid":{"rendered":"http:\/\/aconitum.net\/?page_id=10739"},"modified":"2022-07-07T09:10:05","modified_gmt":"2022-07-07T09:10:05","slug":"%d1%81%d0%b2%d1%8f%d0%b7%d0%b0%d1%82%d1%8c%d1%81%d1%8f-%d1%81-%d0%bd%d0%b0%d0%bc%d0%b8","status":"publish","type":"page","link":"https:\/\/www.aconitum.net\/ru\/%d1%81%d0%b2%d1%8f%d0%b7%d0%b0%d1%82%d1%8c%d1%81%d1%8f-%d1%81-%d0%bd%d0%b0%d0%bc%d0%b8\/","title":{"rendered":"\u0421\u0432\u044f\u0437\u0430\u0442\u044c\u0441\u044f \u0441 \u043d\u0430\u043c\u0438"},"content":{"rendered":"<p>[vc_row row_content_width=&#187;grid&#187;][vc_column][vc_column_text]<\/p>\n<h4 id=\"tw-target-text\" class=\"tw-data-text tw-text-large tw-ta\" dir=\"ltr\" data-placeholder=\"Translation\"><span class=\"Y2IQFc\" lang=\"ru\">\u041c\u044b \u0438\u0441\u043a\u0440\u0435\u043d\u043d\u0435 \u0432\u0435\u0440\u0438\u043c, \u0447\u0442\u043e \u043d\u0435\u0442 \u043f\u0440\u0435\u0434\u0435\u043b\u0430 \u0432\u043e\u0437\u043c\u043e\u0436\u043d\u043e\u0441\u0442\u044f\u043c, \u0438 \u043c\u044b \u043c\u043e\u0436\u0435\u043c \u043f\u043e\u043c\u043e\u0447\u044c \u0432\u0430\u043c \u0440\u0435\u0430\u043b\u0438\u0437\u043e\u0432\u0430\u0442\u044c \u0432\u0430\u0448\u0438 \u0430\u043c\u0431\u0438\u0446\u0438\u0438 \u0438 \u0432\u044b\u0432\u0435\u0441\u0442\u0438 \u0432\u0430\u0448 \u0431\u0438\u0437\u043d\u0435\u0441 \u043d\u0430 \u043d\u043e\u0432\u044b\u0439 \u0443\u0440\u043e\u0432\u0435\u043d\u044c. \u0421\u0432\u044f\u0436\u0438\u0442\u0435\u0441\u044c \u0441 \u043d\u0430\u043c\u0438, \u0438 \u043c\u044b \u043f\u0440\u0435\u0434\u043e\u0441\u0442\u0430\u0432\u0438\u043c \u043d\u0435\u043e\u0431\u0445\u043e\u0434\u0438\u043c\u0443\u044e \u043f\u043e\u0434\u0434\u0435\u0440\u0436\u043a\u0443.<\/span><\/h4>\n<p>[\/vc_column_text][vc_empty_space height=&#187;30px&#187;][\/vc_column][\/vc_row][vc_row row_content_width=&#187;grid&#187; css=&#187;.vc_custom_1651584411778{padding-top: 30px !important;padding-bottom: 0px !important;}&#187; el_class=&#187;.mkdf-contact-info&#187;][vc_column css=&#187;.vc_custom_1630679422600{margin-top: -30px !important;}&#187; offset=&#187;vc_col-lg-6 vc_col-xs-12&#8243;][vc_row_inner css=&#187;.vc_custom_1651584431058{padding-top: 30px !important;}&#187;][vc_column_inner][vc_column_text]<\/p>\n<h3>Kaunas<\/h3>\n<p>[\/vc_column_text][vc_column_text]<\/p>\n<h4><a href=\"https:\/\/goo.gl\/maps\/2z9iPJfUjBqp1EJ37\">Inovacij\u0173 g. 4, Biruli\u0161k\u0117s 54469<\/a><br \/>\n<a href=\"mailto:%20export@aconitum.lt\" target=\"_self\" rel=\"noopener\"><span class=\"mkdf-info-icon-title-text\">export@aconitum.lt<\/span><\/a><br \/>\n<a style=\"color: #6e6e6e;\" href=\"tel:8801018990566\">Phone: <\/a><a href=\"tel:%20+370(37)328008\" target=\"_self\" rel=\"noopener\"><span class=\"mkdf-info-icon-title-text\">+370 (37) 328 008<\/span><\/a><a style=\"color: #6e6e6e;\" href=\"tel:+370(37)328008\"><br \/>\n<\/a><\/h4>\n<p>[\/vc_column_text][vc_empty_space][\/vc_column_inner][\/vc_row_inner][\/vc_column][vc_column offset=&#187;vc_col-lg-6 vc_col-xs-12&#8243;]\n<div class=\"wpcf7 no-js\" id=\"wpcf7-f10822-o1\" lang=\"en-US\" dir=\"ltr\" data-wpcf7-id=\"10822\">\n<div class=\"screen-reader-response\"><p role=\"status\" aria-live=\"polite\" aria-atomic=\"true\"><\/p> <ul><\/ul><\/div>\n<form action=\"\/ru\/wp-json\/wp\/v2\/pages\/10739#wpcf7-f10822-o1\" method=\"post\" class=\"wpcf7-form init\" aria-label=\"Contact form\" novalidate=\"novalidate\" data-status=\"init\">\n<fieldset class=\"hidden-fields-container\"><input type=\"hidden\" name=\"_wpcf7\" value=\"10822\" \/><input type=\"hidden\" name=\"_wpcf7_version\" value=\"6.1.4\" \/><input type=\"hidden\" name=\"_wpcf7_locale\" value=\"en_US\" \/><input type=\"hidden\" name=\"_wpcf7_unit_tag\" value=\"wpcf7-f10822-o1\" \/><input type=\"hidden\" name=\"_wpcf7_container_post\" value=\"0\" \/><input type=\"hidden\" name=\"_wpcf7_posted_data_hash\" value=\"\" \/><input type=\"hidden\" name=\"_wpcf7_recaptcha_response\" value=\"\" \/>\n<\/fieldset>\n<p><span class=\"wpcf7-form-control-wrap\" data-name=\"your-name\"><input size=\"40\" maxlength=\"400\" class=\"wpcf7-form-control wpcf7-text wpcf7-validates-as-required\" aria-required=\"true\" aria-invalid=\"false\" placeholder=\"\u0418\u043c\u044f*\" value=\"\" type=\"text\" name=\"your-name\" \/><\/span><br \/>\n<span class=\"wpcf7-form-control-wrap\" data-name=\"your-email\"><input size=\"40\" maxlength=\"400\" class=\"wpcf7-form-control wpcf7-email wpcf7-validates-as-required wpcf7-text wpcf7-validates-as-email\" aria-required=\"true\" aria-invalid=\"false\" placeholder=\"\u042d\u043b. \u043f\u043e\u0447\u0442\u0430*\" value=\"\" type=\"email\" name=\"your-email\" \/><\/span><br \/>\n<span class=\"wpcf7-form-control-wrap\" data-name=\"your-message\"><textarea cols=\"40\" rows=\"10\" maxlength=\"2000\" class=\"wpcf7-form-control wpcf7-textarea\" aria-invalid=\"false\" placeholder=\"\u0421\u043e\u043e\u0431\u0449\u0435\u043d\u0438\u0435\" name=\"your-message\"><\/textarea><\/span>\n<\/p>\n<div class=\"mkdf-cf7-btn\">\n\t<div class=\"mkdf-cf7-text\">\n\t\t<p><input class=\"wpcf7-form-control wpcf7-submit has-spinner\" type=\"submit\" value=\"\u0421\u0432\u044f\u0436\u0438\u0442\u0435\u0441\u044c \u0441 \u043d\u0430\u043c\u0438\" \/>\n\t\t<\/p>\n\t<\/div>\n<\/div>\n<div class=\"wpcf7-response-output\" aria-hidden=\"true\"><\/div>\n<\/form>\n<\/div>\n[vc_empty_space][\/vc_column][\/vc_row]<\/p>\n","protected":false},"excerpt":{"rendered":"<p>[vc_row row_content_width=&#187;grid&#187;][vc_column][vc_column_text] \u041c\u044b \u0438\u0441\u043a\u0440\u0435\u043d\u043d\u0435 \u0432\u0435\u0440\u0438\u043c, \u0447\u0442\u043e \u043d\u0435\u0442 \u043f\u0440\u0435\u0434\u0435\u043b\u0430 \u0432\u043e\u0437\u043c\u043e\u0436\u043d\u043e\u0441\u0442\u044f\u043c, \u0438 \u043c\u044b \u043c\u043e\u0436\u0435\u043c \u043f\u043e\u043c\u043e\u0447\u044c \u0432\u0430\u043c \u0440\u0435\u0430\u043b\u0438\u0437\u043e\u0432\u0430\u0442\u044c \u0432\u0430\u0448\u0438 \u0430\u043c\u0431\u0438\u0446\u0438\u0438 \u0438 \u0432\u044b\u0432\u0435\u0441\u0442\u0438 \u0432\u0430\u0448 \u0431\u0438\u0437\u043d\u0435\u0441 \u043d\u0430 \u043d\u043e\u0432\u044b\u0439 \u0443\u0440\u043e\u0432\u0435\u043d\u044c. \u0421\u0432\u044f\u0436\u0438\u0442\u0435\u0441\u044c \u0441 \u043d\u0430\u043c\u0438, \u0438 \u043c\u044b \u043f\u0440\u0435\u0434\u043e\u0441\u0442\u0430\u0432\u0438\u043c \u043d\u0435\u043e\u0431\u0445\u043e\u0434\u0438\u043c\u0443\u044e \u043f\u043e\u0434\u0434\u0435\u0440\u0436\u043a\u0443. [\/vc_column_text][vc_empty_space height=&#187;30px&#187;][\/vc_column][\/vc_row][vc_row row_content_width=&#187;grid&#187; css=&#187;.vc_custom_1651584411778{padding-top: 30px !important;padding-bottom: 0px !important;}&#187; [&hellip;]<\/p>\n","protected":false},"author":1,"featured_media":0,"parent":0,"menu_order":0,"comment_status":"closed","ping_status":"closed","template":"full-width.php","meta":{"footnotes":""},"class_list":["post-10739","page","type-page","status-publish","hentry"],"acf":[],"_links":{"self":[{"href":"https:\/\/www.aconitum.net\/ru\/wp-json\/wp\/v2\/pages\/10739","targetHints":{"allow":["GET"]}}],"collection":[{"href":"https:\/\/www.aconitum.net\/ru\/wp-json\/wp\/v2\/pages"}],"about":[{"href":"https:\/\/www.aconitum.net\/ru\/wp-json\/wp\/v2\/types\/page"}],"author":[{"embeddable":true,"href":"https:\/\/www.aconitum.net\/ru\/wp-json\/wp\/v2\/users\/1"}],"replies":[{"embeddable":true,"href":"https:\/\/www.aconitum.net\/ru\/wp-json\/wp\/v2\/comments?post=10739"}],"version-history":[{"count":6,"href":"https:\/\/www.aconitum.net\/ru\/wp-json\/wp\/v2\/pages\/10739\/revisions"}],"predecessor-version":[{"id":10910,"href":"https:\/\/www.aconitum.net\/ru\/wp-json\/wp\/v2\/pages\/10739\/revisions\/10910"}],"wp:attachment":[{"href":"https:\/\/www.aconitum.net\/ru\/wp-json\/wp\/v2\/media?parent=10739"}],"curies":[{"name":"wp","href":"https:\/\/api.w.org\/{rel}","templated":true}]}}